{"id":1272,"date":"2019-09-16T12:16:57","date_gmt":"2019-09-16T10:16:57","guid":{"rendered":"http:\/\/upmarketproperties.de\/?page_id=1272"},"modified":"2023-07-13T22:33:00","modified_gmt":"2023-07-13T20:33:00","slug":"luxusvillen-in-gruenwald","status":"publish","type":"page","link":"https:\/\/upmarketproperties.de\/en\/luxusvillen-in-gruenwald\/","title":{"rendered":"(DE) Luxusvillen in Gr\u00fcnwald"},"content":{"rendered":"<p class=\"qtranxs-available-languages-message qtranxs-available-languages-message-en\">Sorry, this entry is only available in <a href=\"https:\/\/upmarketproperties.de\/de\/wp-json\/wp\/v2\/pages\/1272\" class=\"qtranxs-available-language-link qtranxs-available-language-link-de\" title=\"DE\">German<\/a>.<\/p>","protected":false},"excerpt":{"rendered":"<p>Sorry, this entry is only available in German.<\/p>\n","protected":false},"author":2,"featured_media":0,"parent":0,"menu_order":100,"comment_status":"closed","ping_status":"closed","template":"page_blank.php","meta":[],"yoast_head":"<!-- This site is optimized with the Yoast SEO plugin v20.2.1 - https:\/\/yoast.com\/wordpress\/plugins\/seo\/ -->\n<title>Luxusimmobilien, Luxusvillen in Gr\u00fcnwald | Upmarket Properties<\/title>\n<meta name=\"description\" content=\"Luxusvillen in Gr\u00fcnwald \u2713 Luxusvilla Gr\u00fcnwald \u2713 Sie wollen eine Immobilie in Gr\u00fcnwald kaufen oder verkaufen? Ob es um Kauf oder Verkauf geht: upmarket properties in M\u00fcnchen ist die erste Adresse f\u00fcr Immobilien dieser Art \u2713 Kontaktieren Sie uns!\" \/>\n<meta name=\"robots\" content=\"index, follow, max-snippet:-1, max-image-preview:large, max-video-preview:-1\" \/>\n<link rel=\"canonical\" href=\"https:\/\/upmarketproperties.de\/en\/luxusvillen-in-gruenwald\/\" \/>\n<meta property=\"og:locale\" content=\"en_US\" \/>\n<meta property=\"og:type\" content=\"article\" \/>\n<meta property=\"og:title\" content=\"Luxusimmobilien, Luxusvillen in Gr\u00fcnwald | Upmarket Properties\" \/>\n<meta property=\"og:description\" content=\"Luxusvillen in Gr\u00fcnwald \u2713 Luxusvilla Gr\u00fcnwald \u2713 Sie wollen eine Immobilie in Gr\u00fcnwald kaufen oder verkaufen? Ob es um Kauf oder Verkauf geht: upmarket properties in M\u00fcnchen ist die erste Adresse f\u00fcr Immobilien dieser Art \u2713 Kontaktieren Sie uns!\" \/>\n<meta property=\"og:url\" content=\"https:\/\/upmarketproperties.de\/en\/luxusvillen-in-gruenwald\/\" \/>\n<meta property=\"og:site_name\" content=\"upmarket properties\" \/>\n<meta property=\"article:modified_time\" content=\"2023-07-13T20:33:00+00:00\" \/>\n<meta property=\"og:image\" content=\"http:\/\/upmarketproperties.de\/cms\/wp-content\/uploads\/2019\/09\/Gruenwald-1244x846.jpg\" \/>\n<meta name=\"twitter:card\" content=\"summary_large_image\" \/>\n<meta name=\"twitter:label1\" content=\"Est. reading time\" \/>\n\t<meta name=\"twitter:data1\" content=\"2 minutes\" \/>\n<script type=\"application\/ld+json\" class=\"yoast-schema-graph\">{\"@context\":\"https:\/\/schema.org\",\"@graph\":[{\"@type\":\"WebPage\",\"@id\":\"https:\/\/upmarketproperties.de\/en\/luxusvillen-in-gruenwald\/\",\"url\":\"https:\/\/upmarketproperties.de\/en\/luxusvillen-in-gruenwald\/\",\"name\":\"Luxusimmobilien, Luxusvillen in Gr\u00fcnwald | Upmarket Properties\",\"isPartOf\":{\"@id\":\"https:\/\/upmarketproperties.de\/en\/#website\"},\"datePublished\":\"2019-09-16T10:16:57+00:00\",\"dateModified\":\"2023-07-13T20:33:00+00:00\",\"description\":\"Luxusvillen in Gr\u00fcnwald \u2713 Luxusvilla Gr\u00fcnwald \u2713 Sie wollen eine Immobilie in Gr\u00fcnwald kaufen oder verkaufen? Ob es um Kauf oder Verkauf geht: upmarket properties in M\u00fcnchen ist die erste Adresse f\u00fcr Immobilien dieser Art \u2713 Kontaktieren Sie uns!\",\"breadcrumb\":{\"@id\":\"https:\/\/upmarketproperties.de\/en\/luxusvillen-in-gruenwald\/#breadcrumb\"},\"inLanguage\":\"en-US\",\"potentialAction\":[{\"@type\":\"ReadAction\",\"target\":[[\"https:\/\/upmarketproperties.de\/en\/luxusvillen-in-gruenwald\/\"]]}]},{\"@type\":\"BreadcrumbList\",\"@id\":\"https:\/\/upmarketproperties.de\/en\/luxusvillen-in-gruenwald\/#breadcrumb\",\"itemListElement\":[{\"@type\":\"ListItem\",\"position\":1,\"name\":\"Startseite\",\"item\":\"https:\/\/upmarketproperties.de\/en\/\"},{\"@type\":\"ListItem\",\"position\":2,\"name\":\"Luxusvillen in Gr\u00fcnwald\"}]},{\"@type\":\"WebSite\",\"@id\":\"https:\/\/upmarketproperties.de\/en\/#website\",\"url\":\"https:\/\/upmarketproperties.de\/en\/\",\"name\":\"upmarket properties\",\"description\":\"Luxusimmobilien in und um M\u00fcnchen\",\"publisher\":{\"@id\":\"https:\/\/upmarketproperties.de\/en\/#organization\"},\"potentialAction\":[{\"@type\":\"SearchAction\",\"target\":{\"@type\":\"EntryPoint\",\"urlTemplate\":\"https:\/\/upmarketproperties.de\/en\/?s={search_term_string}\"},\"query-input\":\"required name=search_term_string\"}],\"inLanguage\":\"en-US\"},{\"@type\":\"Organization\",\"@id\":\"https:\/\/upmarketproperties.de\/en\/#organization\",\"name\":\"upmarket properties\",\"url\":\"https:\/\/upmarketproperties.de\/en\/\",\"logo\":{\"@type\":\"ImageObject\",\"inLanguage\":\"en-US\",\"@id\":\"https:\/\/upmarketproperties.de\/en\/#\/schema\/logo\/image\/\",\"url\":\"https:\/\/upmarketproperties.de\/cms\/wp-content\/uploads\/2023\/12\/icon.png\",\"contentUrl\":\"https:\/\/upmarketproperties.de\/cms\/wp-content\/uploads\/2023\/12\/icon.png\",\"width\":512,\"height\":512,\"caption\":\"upmarket properties\"},\"image\":{\"@id\":\"https:\/\/upmarketproperties.de\/en\/#\/schema\/logo\/image\/\"}}]}<\/script>\n<!-- \/ Yoast SEO plugin. -->","yoast_head_json":{"title":"Luxusimmobilien, Luxusvillen in Gr\u00fcnwald | Upmarket Properties","description":"Luxusvillen in Gr\u00fcnwald \u2713 Luxusvilla Gr\u00fcnwald \u2713 Sie wollen eine Immobilie in Gr\u00fcnwald kaufen oder verkaufen? Ob es um Kauf oder Verkauf geht: upmarket properties in M\u00fcnchen ist die erste Adresse f\u00fcr Immobilien dieser Art \u2713 Kontaktieren Sie uns!","robots":{"index":"index","follow":"follow","max-snippet":"max-snippet:-1","max-image-preview":"max-image-preview:large","max-video-preview":"max-video-preview:-1"},"canonical":"https:\/\/upmarketproperties.de\/en\/luxusvillen-in-gruenwald\/","og_locale":"en_US","og_type":"article","og_title":"Luxusimmobilien, Luxusvillen in Gr\u00fcnwald | Upmarket Properties","og_description":"Luxusvillen in Gr\u00fcnwald \u2713 Luxusvilla Gr\u00fcnwald \u2713 Sie wollen eine Immobilie in Gr\u00fcnwald kaufen oder verkaufen? Ob es um Kauf oder Verkauf geht: upmarket properties in M\u00fcnchen ist die erste Adresse f\u00fcr Immobilien dieser Art \u2713 Kontaktieren Sie uns!","og_url":"https:\/\/upmarketproperties.de\/en\/luxusvillen-in-gruenwald\/","og_site_name":"upmarket properties","article_modified_time":"2023-07-13T20:33:00+00:00","og_image":[{"url":"http:\/\/upmarketproperties.de\/cms\/wp-content\/uploads\/2019\/09\/Gruenwald-1244x846.jpg"}],"twitter_card":"summary_large_image","twitter_misc":{"Est. reading time":"2 minutes"},"schema":{"@context":"https:\/\/schema.org","@graph":[{"@type":"WebPage","@id":"https:\/\/upmarketproperties.de\/en\/luxusvillen-in-gruenwald\/","url":"https:\/\/upmarketproperties.de\/en\/luxusvillen-in-gruenwald\/","name":"Luxusimmobilien, Luxusvillen in Gr\u00fcnwald | Upmarket Properties","isPartOf":{"@id":"https:\/\/upmarketproperties.de\/en\/#website"},"datePublished":"2019-09-16T10:16:57+00:00","dateModified":"2023-07-13T20:33:00+00:00","description":"Luxusvillen in Gr\u00fcnwald \u2713 Luxusvilla Gr\u00fcnwald \u2713 Sie wollen eine Immobilie in Gr\u00fcnwald kaufen oder verkaufen? Ob es um Kauf oder Verkauf geht: upmarket properties in M\u00fcnchen ist die erste Adresse f\u00fcr Immobilien dieser Art \u2713 Kontaktieren Sie uns!","breadcrumb":{"@id":"https:\/\/upmarketproperties.de\/en\/luxusvillen-in-gruenwald\/#breadcrumb"},"inLanguage":"en-US","potentialAction":[{"@type":"ReadAction","target":[["https:\/\/upmarketproperties.de\/en\/luxusvillen-in-gruenwald\/"]]}]},{"@type":"BreadcrumbList","@id":"https:\/\/upmarketproperties.de\/en\/luxusvillen-in-gruenwald\/#breadcrumb","itemListElement":[{"@type":"ListItem","position":1,"name":"Startseite","item":"https:\/\/upmarketproperties.de\/en\/"},{"@type":"ListItem","position":2,"name":"Luxusvillen in Gr\u00fcnwald"}]},{"@type":"WebSite","@id":"https:\/\/upmarketproperties.de\/en\/#website","url":"https:\/\/upmarketproperties.de\/en\/","name":"upmarket properties","description":"Luxusimmobilien in und um M\u00fcnchen","publisher":{"@id":"https:\/\/upmarketproperties.de\/en\/#organization"},"potentialAction":[{"@type":"SearchAction","target":{"@type":"EntryPoint","urlTemplate":"https:\/\/upmarketproperties.de\/en\/?s={search_term_string}"},"query-input":"required name=search_term_string"}],"inLanguage":"en-US"},{"@type":"Organization","@id":"https:\/\/upmarketproperties.de\/en\/#organization","name":"upmarket properties","url":"https:\/\/upmarketproperties.de\/en\/","logo":{"@type":"ImageObject","inLanguage":"en-US","@id":"https:\/\/upmarketproperties.de\/en\/#\/schema\/logo\/image\/","url":"https:\/\/upmarketproperties.de\/cms\/wp-content\/uploads\/2023\/12\/icon.png","contentUrl":"https:\/\/upmarketproperties.de\/cms\/wp-content\/uploads\/2023\/12\/icon.png","width":512,"height":512,"caption":"upmarket properties"},"image":{"@id":"https:\/\/upmarketproperties.de\/en\/#\/schema\/logo\/image\/"}}]}},"_links":{"self":[{"href":"https:\/\/upmarketproperties.de\/en\/wp-json\/wp\/v2\/pages\/1272"}],"collection":[{"href":"https:\/\/upmarketproperties.de\/en\/wp-json\/wp\/v2\/pages"}],"about":[{"href":"https:\/\/upmarketproperties.de\/en\/wp-json\/wp\/v2\/types\/page"}],"author":[{"embeddable":true,"href":"https:\/\/upmarketproperties.de\/en\/wp-json\/wp\/v2\/users\/2"}],"replies":[{"embeddable":true,"href":"https:\/\/upmarketproperties.de\/en\/wp-json\/wp\/v2\/comments?post=1272"}],"version-history":[{"count":1,"href":"https:\/\/upmarketproperties.de\/en\/wp-json\/wp\/v2\/pages\/1272\/revisions"}],"predecessor-version":[{"id":2093,"href":"https:\/\/upmarketproperties.de\/en\/wp-json\/wp\/v2\/pages\/1272\/revisions\/2093"}],"wp:attachment":[{"href":"https:\/\/upmarketproperties.de\/en\/wp-json\/wp\/v2\/media?parent=1272"}],"curies":[{"name":"wp","href":"https:\/\/api.w.org\/{rel}","templated":true}]}}