{"id":50,"date":"2017-03-08T21:51:41","date_gmt":"2017-03-08T20:51:41","guid":{"rendered":"http:\/\/upmarketproperties.de\/cms\/?page_id=50"},"modified":"2023-07-13T22:25:06","modified_gmt":"2023-07-13T20:25:06","slug":"kontakt","status":"publish","type":"page","link":"https:\/\/upmarketproperties.de\/en\/get-in-touch\/kontakt\/","title":{"rendered":"Contact"},"content":{"rendered":"<p><\/p>\n<h1>upmarket properties makes the introduction<\/h1>\n<p>Devoting personal attention and allowing sufficient time for both the customer and a property&#8217;s brilliance to be truly appreciated are at the top of the agenda. Marketing also involves the adoption of innovative approaches in order to meet the demands and standards of both the property and the buyer. The quality of the properties and the optimal result for its customers are the only decisive details that define Ehbauer&#8217;s approach to his service.<\/p>\n<h5>Contact:<\/h5>\n<p>upmarket properties<br \/>\nEhbauer M\u00fcnchen GmbH &amp; Co. KG<br \/>\nMaximilianstra\u00dfe 2, 80539\u00a0Munich<br \/>\n<a href=\"mailto:ehbauer@upmarketproperties.de\">ehbauer@upmarketproperties.de<\/a><\/p>\n<p>www.upmarketproperties.de<br \/>\nTel: +49 (0) 89 20 500 8600<br \/>\nMobile: +49 (0) 171 6860 628<br \/>\nFax: +49 (0) 89 20 500 8150<\/p>","protected":false},"excerpt":{"rendered":"<p>Tel: +49 (0) 89 20 500 8600<br \/>\nMobile: +49 (0) 171 6860 628<br \/>\nehbauer@upmarketproperties.de<\/p>\n","protected":false},"author":3,"featured_media":56,"parent":13,"menu_order":2,"comment_status":"closed","ping_status":"closed","template":"page_blank.php","meta":[],"yoast_head":"<!-- This site is optimized with the Yoast SEO plugin v20.2.1 - https:\/\/yoast.com\/wordpress\/plugins\/seo\/ -->\n<title>Contact - upmarket properties<\/title>\n<meta name=\"description\" content=\"Erleben Sie Premium-Immobilien in besten Lagen M\u00fcnchens. Exklusive, luxuri\u00f6se Unikate mit erstklassiger Ausstattung im Portfolio von Christian Ehbauer. Diskrete Privatsph\u00e4re gew\u00e4hrleistet.\" \/>\n<meta name=\"robots\" content=\"index, follow, max-snippet:-1, max-image-preview:large, max-video-preview:-1\" \/>\n<link rel=\"canonical\" href=\"https:\/\/upmarketproperties.de\/en\/get-in-touch\/kontakt\/\" \/>\n<meta property=\"og:locale\" content=\"en_US\" \/>\n<meta property=\"og:type\" content=\"article\" \/>\n<meta property=\"og:title\" content=\"Contact - upmarket properties\" \/>\n<meta property=\"og:description\" content=\"Erleben Sie Premium-Immobilien in besten Lagen M\u00fcnchens. Exklusive, luxuri\u00f6se Unikate mit erstklassiger Ausstattung im Portfolio von Christian Ehbauer. Diskrete Privatsph\u00e4re gew\u00e4hrleistet.\" \/>\n<meta property=\"og:url\" content=\"https:\/\/upmarketproperties.de\/en\/get-in-touch\/kontakt\/\" \/>\n<meta property=\"og:site_name\" content=\"upmarket properties\" \/>\n<meta property=\"article:modified_time\" content=\"2023-07-13T20:25:06+00:00\" \/>\n<meta property=\"og:image\" content=\"https:\/\/upmarketproperties.de\/cms\/wp-content\/uploads\/2017\/03\/empfang.jpg\" \/>\n\t<meta property=\"og:image:width\" content=\"610\" \/>\n\t<meta property=\"og:image:height\" content=\"409\" \/>\n\t<meta property=\"og:image:type\" content=\"image\/jpeg\" \/>\n<meta name=\"twitter:card\" content=\"summary_large_image\" \/>\n<meta name=\"twitter:label1\" content=\"Est. reading time\" \/>\n\t<meta name=\"twitter:data1\" content=\"1 minute\" \/>\n<script type=\"application\/ld+json\" class=\"yoast-schema-graph\">{\"@context\":\"https:\/\/schema.org\",\"@graph\":[{\"@type\":\"WebPage\",\"@id\":\"https:\/\/upmarketproperties.de\/en\/get-in-touch\/kontakt\/\",\"url\":\"https:\/\/upmarketproperties.de\/en\/get-in-touch\/kontakt\/\",\"name\":\"Contact - upmarket properties\",\"isPartOf\":{\"@id\":\"https:\/\/upmarketproperties.de\/en\/#website\"},\"datePublished\":\"2017-03-08T20:51:41+00:00\",\"dateModified\":\"2023-07-13T20:25:06+00:00\",\"description\":\"Erleben Sie Premium-Immobilien in besten Lagen M\u00fcnchens. Exklusive, luxuri\u00f6se Unikate mit erstklassiger Ausstattung im Portfolio von Christian Ehbauer. Diskrete Privatsph\u00e4re gew\u00e4hrleistet.\",\"breadcrumb\":{\"@id\":\"https:\/\/upmarketproperties.de\/en\/get-in-touch\/kontakt\/#breadcrumb\"},\"inLanguage\":\"en-US\",\"potentialAction\":[{\"@type\":\"ReadAction\",\"target\":[[\"https:\/\/upmarketproperties.de\/en\/get-in-touch\/kontakt\/\"]]}]},{\"@type\":\"BreadcrumbList\",\"@id\":\"https:\/\/upmarketproperties.de\/en\/get-in-touch\/kontakt\/#breadcrumb\",\"itemListElement\":[{\"@type\":\"ListItem\",\"position\":1,\"name\":\"Startseite\",\"item\":\"https:\/\/upmarketproperties.de\/en\/\"},{\"@type\":\"ListItem\",\"position\":2,\"name\":\"Get in Touch\",\"item\":\"https:\/\/upmarketproperties.de\/en\/get-in-touch\/\"},{\"@type\":\"ListItem\",\"position\":3,\"name\":\"Kontakt\"}]},{\"@type\":\"WebSite\",\"@id\":\"https:\/\/upmarketproperties.de\/en\/#website\",\"url\":\"https:\/\/upmarketproperties.de\/en\/\",\"name\":\"upmarket properties\",\"description\":\"Luxusimmobilien in und um M\u00fcnchen\",\"publisher\":{\"@id\":\"https:\/\/upmarketproperties.de\/en\/#organization\"},\"potentialAction\":[{\"@type\":\"SearchAction\",\"target\":{\"@type\":\"EntryPoint\",\"urlTemplate\":\"https:\/\/upmarketproperties.de\/en\/?s={search_term_string}\"},\"query-input\":\"required name=search_term_string\"}],\"inLanguage\":\"en-US\"},{\"@type\":\"Organization\",\"@id\":\"https:\/\/upmarketproperties.de\/en\/#organization\",\"name\":\"upmarket properties\",\"url\":\"https:\/\/upmarketproperties.de\/en\/\",\"logo\":{\"@type\":\"ImageObject\",\"inLanguage\":\"en-US\",\"@id\":\"https:\/\/upmarketproperties.de\/en\/#\/schema\/logo\/image\/\",\"url\":\"https:\/\/upmarketproperties.de\/cms\/wp-content\/uploads\/2023\/12\/icon.png\",\"contentUrl\":\"https:\/\/upmarketproperties.de\/cms\/wp-content\/uploads\/2023\/12\/icon.png\",\"width\":512,\"height\":512,\"caption\":\"upmarket properties\"},\"image\":{\"@id\":\"https:\/\/upmarketproperties.de\/en\/#\/schema\/logo\/image\/\"}}]}<\/script>\n<!-- \/ Yoast SEO plugin. -->","yoast_head_json":{"title":"Contact - upmarket properties","description":"Erleben Sie Premium-Immobilien in besten Lagen M\u00fcnchens. Exklusive, luxuri\u00f6se Unikate mit erstklassiger Ausstattung im Portfolio von Christian Ehbauer. Diskrete Privatsph\u00e4re gew\u00e4hrleistet.","robots":{"index":"index","follow":"follow","max-snippet":"max-snippet:-1","max-image-preview":"max-image-preview:large","max-video-preview":"max-video-preview:-1"},"canonical":"https:\/\/upmarketproperties.de\/en\/get-in-touch\/kontakt\/","og_locale":"en_US","og_type":"article","og_title":"Contact - upmarket properties","og_description":"Erleben Sie Premium-Immobilien in besten Lagen M\u00fcnchens. Exklusive, luxuri\u00f6se Unikate mit erstklassiger Ausstattung im Portfolio von Christian Ehbauer. Diskrete Privatsph\u00e4re gew\u00e4hrleistet.","og_url":"https:\/\/upmarketproperties.de\/en\/get-in-touch\/kontakt\/","og_site_name":"upmarket properties","article_modified_time":"2023-07-13T20:25:06+00:00","og_image":[{"width":610,"height":409,"url":"https:\/\/upmarketproperties.de\/cms\/wp-content\/uploads\/2017\/03\/empfang.jpg","type":"image\/jpeg"}],"twitter_card":"summary_large_image","twitter_misc":{"Est. reading time":"1 minute"},"schema":{"@context":"https:\/\/schema.org","@graph":[{"@type":"WebPage","@id":"https:\/\/upmarketproperties.de\/en\/get-in-touch\/kontakt\/","url":"https:\/\/upmarketproperties.de\/en\/get-in-touch\/kontakt\/","name":"Contact - upmarket properties","isPartOf":{"@id":"https:\/\/upmarketproperties.de\/en\/#website"},"datePublished":"2017-03-08T20:51:41+00:00","dateModified":"2023-07-13T20:25:06+00:00","description":"Erleben Sie Premium-Immobilien in besten Lagen M\u00fcnchens. Exklusive, luxuri\u00f6se Unikate mit erstklassiger Ausstattung im Portfolio von Christian Ehbauer. Diskrete Privatsph\u00e4re gew\u00e4hrleistet.","breadcrumb":{"@id":"https:\/\/upmarketproperties.de\/en\/get-in-touch\/kontakt\/#breadcrumb"},"inLanguage":"en-US","potentialAction":[{"@type":"ReadAction","target":[["https:\/\/upmarketproperties.de\/en\/get-in-touch\/kontakt\/"]]}]},{"@type":"BreadcrumbList","@id":"https:\/\/upmarketproperties.de\/en\/get-in-touch\/kontakt\/#breadcrumb","itemListElement":[{"@type":"ListItem","position":1,"name":"Startseite","item":"https:\/\/upmarketproperties.de\/en\/"},{"@type":"ListItem","position":2,"name":"Get in Touch","item":"https:\/\/upmarketproperties.de\/en\/get-in-touch\/"},{"@type":"ListItem","position":3,"name":"Kontakt"}]},{"@type":"WebSite","@id":"https:\/\/upmarketproperties.de\/en\/#website","url":"https:\/\/upmarketproperties.de\/en\/","name":"upmarket properties","description":"Luxusimmobilien in und um M\u00fcnchen","publisher":{"@id":"https:\/\/upmarketproperties.de\/en\/#organization"},"potentialAction":[{"@type":"SearchAction","target":{"@type":"EntryPoint","urlTemplate":"https:\/\/upmarketproperties.de\/en\/?s={search_term_string}"},"query-input":"required name=search_term_string"}],"inLanguage":"en-US"},{"@type":"Organization","@id":"https:\/\/upmarketproperties.de\/en\/#organization","name":"upmarket properties","url":"https:\/\/upmarketproperties.de\/en\/","logo":{"@type":"ImageObject","inLanguage":"en-US","@id":"https:\/\/upmarketproperties.de\/en\/#\/schema\/logo\/image\/","url":"https:\/\/upmarketproperties.de\/cms\/wp-content\/uploads\/2023\/12\/icon.png","contentUrl":"https:\/\/upmarketproperties.de\/cms\/wp-content\/uploads\/2023\/12\/icon.png","width":512,"height":512,"caption":"upmarket properties"},"image":{"@id":"https:\/\/upmarketproperties.de\/en\/#\/schema\/logo\/image\/"}}]}},"_links":{"self":[{"href":"https:\/\/upmarketproperties.de\/en\/wp-json\/wp\/v2\/pages\/50"}],"collection":[{"href":"https:\/\/upmarketproperties.de\/en\/wp-json\/wp\/v2\/pages"}],"about":[{"href":"https:\/\/upmarketproperties.de\/en\/wp-json\/wp\/v2\/types\/page"}],"author":[{"embeddable":true,"href":"https:\/\/upmarketproperties.de\/en\/wp-json\/wp\/v2\/users\/3"}],"replies":[{"embeddable":true,"href":"https:\/\/upmarketproperties.de\/en\/wp-json\/wp\/v2\/comments?post=50"}],"version-history":[{"count":1,"href":"https:\/\/upmarketproperties.de\/en\/wp-json\/wp\/v2\/pages\/50\/revisions"}],"predecessor-version":[{"id":2025,"href":"https:\/\/upmarketproperties.de\/en\/wp-json\/wp\/v2\/pages\/50\/revisions\/2025"}],"up":[{"embeddable":true,"href":"https:\/\/upmarketproperties.de\/en\/wp-json\/wp\/v2\/pages\/13"}],"wp:featuredmedia":[{"embeddable":true,"href":"https:\/\/upmarketproperties.de\/en\/wp-json\/wp\/v2\/media\/56"}],"wp:attachment":[{"href":"https:\/\/upmarketproperties.de\/en\/wp-json\/wp\/v2\/media?parent=50"}],"curies":[{"name":"wp","href":"https:\/\/api.w.org\/{rel}","templated":true}]}}