{"id":9,"date":"2017-03-08T21:24:12","date_gmt":"2017-03-08T20:24:12","guid":{"rendered":"http:\/\/upmarketproperties.de\/cms\/home\/"},"modified":"2023-07-13T23:40:32","modified_gmt":"2023-07-13T21:40:32","slug":"luxusimmobilien-muenchen","status":"publish","type":"page","link":"https:\/\/upmarketproperties.de\/en\/","title":{"rendered":"Home"},"content":{"rendered":"","protected":false},"excerpt":{"rendered":"","protected":false},"author":3,"featured_media":0,"parent":0,"menu_order":1,"comment_status":"closed","ping_status":"closed","template":"","meta":[],"yoast_head":"<!-- This site is optimized with the Yoast SEO plugin v20.2.1 - https:\/\/yoast.com\/wordpress\/plugins\/seo\/ -->\n<title>upmarket properties - Luxusimmobilien M\u00fcnchen: Exquisite Residenzen f\u00fcr anspruchsvolle Kunden<\/title>\n<meta name=\"description\" content=\"Erleben Sie Premium-Immobilien in besten Lagen M\u00fcnchens. Exklusive, luxuri\u00f6se Unikate mit erstklassiger Ausstattung im Portfolio von Christian Ehbauer. Diskrete Privatsph\u00e4re gew\u00e4hrleistet.\" \/>\n<meta name=\"robots\" content=\"index, follow, max-snippet:-1, max-image-preview:large, max-video-preview:-1\" \/>\n<link rel=\"canonical\" href=\"https:\/\/upmarketproperties.de\/en\/\" \/>\n<meta property=\"og:locale\" content=\"en_US\" \/>\n<meta property=\"og:type\" content=\"article\" \/>\n<meta property=\"og:title\" content=\"upmarket properties - Luxusimmobilien M\u00fcnchen: Exquisite Residenzen f\u00fcr anspruchsvolle Kunden\" \/>\n<meta property=\"og:description\" content=\"Erleben Sie Premium-Immobilien in besten Lagen M\u00fcnchens. Exklusive, luxuri\u00f6se Unikate mit erstklassiger Ausstattung im Portfolio von Christian Ehbauer. Diskrete Privatsph\u00e4re gew\u00e4hrleistet.\" \/>\n<meta property=\"og:url\" content=\"https:\/\/upmarketproperties.de\/en\/\" \/>\n<meta property=\"og:site_name\" content=\"upmarket properties\" \/>\n<meta property=\"article:modified_time\" content=\"2023-07-13T21:40:32+00:00\" \/>\n<meta property=\"og:image\" content=\"https:\/\/upmarketproperties.de\/cms\/wp-content\/uploads\/2019\/03\/00-Beitragsbild_s.jpg\" \/>\n\t<meta property=\"og:image:width\" content=\"1800\" \/>\n\t<meta property=\"og:image:height\" content=\"1200\" \/>\n\t<meta property=\"og:image:type\" content=\"image\/jpeg\" \/>\n<meta name=\"twitter:card\" content=\"summary_large_image\" \/>\n<script type=\"application\/ld+json\" class=\"yoast-schema-graph\">{\"@context\":\"https:\/\/schema.org\",\"@graph\":[{\"@type\":\"WebPage\",\"@id\":\"https:\/\/upmarketproperties.de\/en\/\",\"url\":\"https:\/\/upmarketproperties.de\/en\/\",\"name\":\"upmarket properties - Luxusimmobilien M\u00fcnchen: Exquisite Residenzen f\u00fcr anspruchsvolle Kunden\",\"isPartOf\":{\"@id\":\"https:\/\/upmarketproperties.de\/en\/#website\"},\"datePublished\":\"2017-03-08T20:24:12+00:00\",\"dateModified\":\"2023-07-13T21:40:32+00:00\",\"description\":\"Erleben Sie Premium-Immobilien in besten Lagen M\u00fcnchens. Exklusive, luxuri\u00f6se Unikate mit erstklassiger Ausstattung im Portfolio von Christian Ehbauer. Diskrete Privatsph\u00e4re gew\u00e4hrleistet.\",\"breadcrumb\":{\"@id\":\"https:\/\/upmarketproperties.de\/en\/#breadcrumb\"},\"inLanguage\":\"en-US\",\"potentialAction\":[{\"@type\":\"ReadAction\",\"target\":[[\"https:\/\/upmarketproperties.de\/en\/\"]]}]},{\"@type\":\"BreadcrumbList\",\"@id\":\"https:\/\/upmarketproperties.de\/en\/#breadcrumb\",\"itemListElement\":[{\"@type\":\"ListItem\",\"position\":1,\"name\":\"Startseite\",\"item\":\"https:\/\/upmarketproperties.de\/en\/\"},{\"@type\":\"ListItem\",\"position\":2,\"name\":\"Home\"}]},{\"@type\":\"WebSite\",\"@id\":\"https:\/\/upmarketproperties.de\/en\/#website\",\"url\":\"https:\/\/upmarketproperties.de\/en\/\",\"name\":\"upmarket properties\",\"description\":\"Luxusimmobilien in und um M\u00fcnchen\",\"publisher\":{\"@id\":\"https:\/\/upmarketproperties.de\/en\/#organization\"},\"potentialAction\":[{\"@type\":\"SearchAction\",\"target\":{\"@type\":\"EntryPoint\",\"urlTemplate\":\"https:\/\/upmarketproperties.de\/en\/?s={search_term_string}\"},\"query-input\":\"required name=search_term_string\"}],\"inLanguage\":\"en-US\"},{\"@type\":\"Organization\",\"@id\":\"https:\/\/upmarketproperties.de\/en\/#organization\",\"name\":\"upmarket properties\",\"url\":\"https:\/\/upmarketproperties.de\/en\/\",\"logo\":{\"@type\":\"ImageObject\",\"inLanguage\":\"en-US\",\"@id\":\"https:\/\/upmarketproperties.de\/en\/#\/schema\/logo\/image\/\",\"url\":\"https:\/\/upmarketproperties.de\/cms\/wp-content\/uploads\/2023\/12\/icon.png\",\"contentUrl\":\"https:\/\/upmarketproperties.de\/cms\/wp-content\/uploads\/2023\/12\/icon.png\",\"width\":512,\"height\":512,\"caption\":\"upmarket properties\"},\"image\":{\"@id\":\"https:\/\/upmarketproperties.de\/en\/#\/schema\/logo\/image\/\"}}]}<\/script>\n<!-- \/ Yoast SEO plugin. -->","yoast_head_json":{"title":"upmarket properties - Luxusimmobilien M\u00fcnchen: Exquisite Residenzen f\u00fcr anspruchsvolle Kunden","description":"Erleben Sie Premium-Immobilien in besten Lagen M\u00fcnchens. Exklusive, luxuri\u00f6se Unikate mit erstklassiger Ausstattung im Portfolio von Christian Ehbauer. Diskrete Privatsph\u00e4re gew\u00e4hrleistet.","robots":{"index":"index","follow":"follow","max-snippet":"max-snippet:-1","max-image-preview":"max-image-preview:large","max-video-preview":"max-video-preview:-1"},"canonical":"https:\/\/upmarketproperties.de\/en\/","og_locale":"en_US","og_type":"article","og_title":"upmarket properties - Luxusimmobilien M\u00fcnchen: Exquisite Residenzen f\u00fcr anspruchsvolle Kunden","og_description":"Erleben Sie Premium-Immobilien in besten Lagen M\u00fcnchens. Exklusive, luxuri\u00f6se Unikate mit erstklassiger Ausstattung im Portfolio von Christian Ehbauer. Diskrete Privatsph\u00e4re gew\u00e4hrleistet.","og_url":"https:\/\/upmarketproperties.de\/en\/","og_site_name":"upmarket properties","article_modified_time":"2023-07-13T21:40:32+00:00","og_image":[{"width":1800,"height":1200,"url":"https:\/\/upmarketproperties.de\/cms\/wp-content\/uploads\/2019\/03\/00-Beitragsbild_s.jpg","type":"image\/jpeg"}],"twitter_card":"summary_large_image","schema":{"@context":"https:\/\/schema.org","@graph":[{"@type":"WebPage","@id":"https:\/\/upmarketproperties.de\/en\/","url":"https:\/\/upmarketproperties.de\/en\/","name":"upmarket properties - Luxusimmobilien M\u00fcnchen: Exquisite Residenzen f\u00fcr anspruchsvolle Kunden","isPartOf":{"@id":"https:\/\/upmarketproperties.de\/en\/#website"},"datePublished":"2017-03-08T20:24:12+00:00","dateModified":"2023-07-13T21:40:32+00:00","description":"Erleben Sie Premium-Immobilien in besten Lagen M\u00fcnchens. Exklusive, luxuri\u00f6se Unikate mit erstklassiger Ausstattung im Portfolio von Christian Ehbauer. Diskrete Privatsph\u00e4re gew\u00e4hrleistet.","breadcrumb":{"@id":"https:\/\/upmarketproperties.de\/en\/#breadcrumb"},"inLanguage":"en-US","potentialAction":[{"@type":"ReadAction","target":[["https:\/\/upmarketproperties.de\/en\/"]]}]},{"@type":"BreadcrumbList","@id":"https:\/\/upmarketproperties.de\/en\/#breadcrumb","itemListElement":[{"@type":"ListItem","position":1,"name":"Startseite","item":"https:\/\/upmarketproperties.de\/en\/"},{"@type":"ListItem","position":2,"name":"Home"}]},{"@type":"WebSite","@id":"https:\/\/upmarketproperties.de\/en\/#website","url":"https:\/\/upmarketproperties.de\/en\/","name":"upmarket properties","description":"Luxusimmobilien in und um M\u00fcnchen","publisher":{"@id":"https:\/\/upmarketproperties.de\/en\/#organization"},"potentialAction":[{"@type":"SearchAction","target":{"@type":"EntryPoint","urlTemplate":"https:\/\/upmarketproperties.de\/en\/?s={search_term_string}"},"query-input":"required name=search_term_string"}],"inLanguage":"en-US"},{"@type":"Organization","@id":"https:\/\/upmarketproperties.de\/en\/#organization","name":"upmarket properties","url":"https:\/\/upmarketproperties.de\/en\/","logo":{"@type":"ImageObject","inLanguage":"en-US","@id":"https:\/\/upmarketproperties.de\/en\/#\/schema\/logo\/image\/","url":"https:\/\/upmarketproperties.de\/cms\/wp-content\/uploads\/2023\/12\/icon.png","contentUrl":"https:\/\/upmarketproperties.de\/cms\/wp-content\/uploads\/2023\/12\/icon.png","width":512,"height":512,"caption":"upmarket properties"},"image":{"@id":"https:\/\/upmarketproperties.de\/en\/#\/schema\/logo\/image\/"}}]}},"_links":{"self":[{"href":"https:\/\/upmarketproperties.de\/en\/wp-json\/wp\/v2\/pages\/9"}],"collection":[{"href":"https:\/\/upmarketproperties.de\/en\/wp-json\/wp\/v2\/pages"}],"about":[{"href":"https:\/\/upmarketproperties.de\/en\/wp-json\/wp\/v2\/types\/page"}],"author":[{"embeddable":true,"href":"https:\/\/upmarketproperties.de\/en\/wp-json\/wp\/v2\/users\/3"}],"replies":[{"embeddable":true,"href":"https:\/\/upmarketproperties.de\/en\/wp-json\/wp\/v2\/comments?post=9"}],"version-history":[{"count":4,"href":"https:\/\/upmarketproperties.de\/en\/wp-json\/wp\/v2\/pages\/9\/revisions"}],"predecessor-version":[{"id":2099,"href":"https:\/\/upmarketproperties.de\/en\/wp-json\/wp\/v2\/pages\/9\/revisions\/2099"}],"wp:attachment":[{"href":"https:\/\/upmarketproperties.de\/en\/wp-json\/wp\/v2\/media?parent=9"}],"curies":[{"name":"wp","href":"https:\/\/api.w.org\/{rel}","templated":true}]}}